{"id":111,"date":"2024-03-10T20:50:16","date_gmt":"2024-03-10T20:50:16","guid":{"rendered":"https:\/\/institutoomorphia.com.br\/home\/?page_id=111"},"modified":"2024-03-10T20:50:16","modified_gmt":"2024-03-10T20:50:16","slug":"tecnologias","status":"publish","type":"page","link":"https:\/\/institutoomorphia.com.br\/home\/tecnologias\/","title":{"rendered":"TECNOLOGIAS"},"content":{"rendered":"\n<p class=\"has-text-align-center\"><strong>A TECNOLOGIA EM FAVOR DO SEU SORRISO<\/strong><\/p>\n\n\n\n<p class=\"\">Apresentamos com orgulho as tecnologias de ponta do Instituto Odontol\u00f3gico Om\u00f3rphia.<\/p>\n\n\n\n<p class=\"\">Com essas ferramentas inovadoras, garantimos tratamentos precisos e personalizados, proporcionando aos nossos pacientes resultados est\u00e9ticos e funcionais excepcionais. Estamos comprometidos em oferecer o melhor em cuidados odontol\u00f3gicos, sempre \u00e0 frente no uso das mais recentes tecnologias para atender \u00e0s suas necessidades.<\/p>\n\n\n\n<div class=\"wp-block-media-text is-stacked-on-mobile\"><figure class=\"wp-block-media-text__media\"><img decoding=\"async\" width=\"500\" height=\"281\" src=\"https:\/\/institutoomorphia.com.br\/wp-content\/uploads\/2024\/03\/3-shape-trios-3-wired-intraoral-scanner-1.webp\" alt=\"\" class=\"wp-image-112 size-full\" srcset=\"https:\/\/institutoomorphia.com.br\/wp-content\/uploads\/2024\/03\/3-shape-trios-3-wired-intraoral-scanner-1.webp 500w, https:\/\/institutoomorphia.com.br\/wp-content\/uploads\/2024\/03\/3-shape-trios-3-wired-intraoral-scanner-1-300x169.webp 300w\" sizes=\"(max-width: 500px) 100vw, 500px\" \/><\/figure><div class=\"wp-block-media-text__content\">\n<p class=\"\">Scanner Intraoral Trios 3 &#8211; 3Shape<\/p>\n\n\n\n<p class=\"\">No Instituto Odontol\u00f3gico Om\u00f3rphia, temos o prazer de oferecer aos nossos pacientes o que h\u00e1 de mais avan\u00e7ado em tecnologia odontol\u00f3gica, incluindo o scanner 3D da 3Shape. <\/p>\n\n\n\n<p class=\"\">Este equipamento revolucion\u00e1rio permite capturar imagens digitais precisas e detalhadas da estrutura bucal dos nossos pacientes, substituindo os m\u00e9todos tradicionais de moldagem. <\/p>\n\n\n\n<p class=\"\">Com o scanner 3D, podemos criar modelos digitais tridimensionais com incr\u00edvel precis\u00e3o, permitindo um planejamento de tratamento mais preciso e eficiente.<\/p>\n\n\n\n<p class=\"\">Al\u00e9m disso, proporciona uma experi\u00eancia mais confort\u00e1vel para os nossos pacientes, eliminando a necessidade de moldagens desconfort\u00e1veis. No Instituto Om\u00f3rphia, estamos comprometidos em oferecer o mais alto padr\u00e3o de cuidados odontol\u00f3gicos, e o scanner 3D desempenha um papel fundamental nesse compromisso.<\/p>\n<\/div><\/div>\n\n\n\n<div class=\"wp-block-media-text has-media-on-the-right is-stacked-on-mobile\"><div class=\"wp-block-media-text__content\">\n<p class=\"\"><\/p>\n<\/div><figure class=\"wp-block-media-text__media\"><\/figure><\/div>\n","protected":false},"excerpt":{"rendered":"<p>A TECNOLOGIA EM FAVOR DO SEU SORRISO Apresentamos com orgulho as tecnologias de ponta do Instituto Odontol\u00f3gico Om\u00f3rphia. Com essas [&hellip;]<\/p>\n","protected":false},"author":1,"featured_media":0,"parent":0,"menu_order":0,"comment_status":"closed","ping_status":"closed","template":"","meta":{"nf_dc_page":"","site-sidebar-layout":"default","site-content-layout":"","ast-site-content-layout":"default","site-content-style":"default","site-sidebar-style":"default","ast-global-header-display":"","ast-banner-title-visibility":"","ast-main-header-display":"","ast-hfb-above-header-display":"","ast-hfb-below-header-display":"","ast-hfb-mobile-header-display":"","site-post-title":"","ast-breadcrumbs-content":"","ast-featured-img":"","footer-sml-layout":"","ast-disable-related-posts":"","theme-transparent-header-meta":"","adv-header-id-meta":"","stick-header-meta":"","header-above-stick-meta":"","header-main-stick-meta":"","header-below-stick-meta":"","astra-migrate-meta-layouts":"default","ast-page-background-enabled":"default","ast-page-background-meta":{"desktop":{"background-color":"var(--ast-global-color-4)","background-image":"","background-repeat":"repeat","background-position":"center center","background-size":"auto","background-attachment":"scroll","background-type":"","background-media":"","overlay-type":"","overlay-color":"","overlay-opacity":"","overlay-gradient":""},"tablet":{"background-color":"","background-image":"","background-repeat":"repeat","background-position":"center center","background-size":"auto","background-attachment":"scroll","background-type":"","background-media":"","overlay-type":"","overlay-color":"","overlay-opacity":"","overlay-gradient":""},"mobile":{"background-color":"","background-image":"","background-repeat":"repeat","background-position":"center center","background-size":"auto","background-attachment":"scroll","background-type":"","background-media":"","overlay-type":"","overlay-color":"","overlay-opacity":"","overlay-gradient":""}},"ast-content-background-meta":{"desktop":{"background-color":"var(--ast-global-color-5)","background-image":"","background-repeat":"repeat","background-position":"center center","background-size":"auto","background-attachment":"scroll","background-type":"","background-media":"","overlay-type":"","overlay-color":"","overlay-opacity":"","overlay-gradient":""},"tablet":{"background-color":"var(--ast-global-color-5)","background-image":"","background-repeat":"repeat","background-position":"center center","background-size":"auto","background-attachment":"scroll","background-type":"","background-media":"","overlay-type":"","overlay-color":"","overlay-opacity":"","overlay-gradient":""},"mobile":{"background-color":"var(--ast-global-color-5)","background-image":"","background-repeat":"repeat","background-position":"center center","background-size":"auto","background-attachment":"scroll","background-type":"","background-media":"","overlay-type":"","overlay-color":"","overlay-opacity":"","overlay-gradient":""}},"footnotes":""},"class_list":["post-111","page","type-page","status-publish","hentry"],"_links":{"self":[{"href":"https:\/\/institutoomorphia.com.br\/home\/wp-json\/wp\/v2\/pages\/111","targetHints":{"allow":["GET"]}}],"collection":[{"href":"https:\/\/institutoomorphia.com.br\/home\/wp-json\/wp\/v2\/pages"}],"about":[{"href":"https:\/\/institutoomorphia.com.br\/home\/wp-json\/wp\/v2\/types\/page"}],"author":[{"embeddable":true,"href":"https:\/\/institutoomorphia.com.br\/home\/wp-json\/wp\/v2\/users\/1"}],"replies":[{"embeddable":true,"href":"https:\/\/institutoomorphia.com.br\/home\/wp-json\/wp\/v2\/comments?post=111"}],"version-history":[{"count":1,"href":"https:\/\/institutoomorphia.com.br\/home\/wp-json\/wp\/v2\/pages\/111\/revisions"}],"predecessor-version":[{"id":113,"href":"https:\/\/institutoomorphia.com.br\/home\/wp-json\/wp\/v2\/pages\/111\/revisions\/113"}],"wp:attachment":[{"href":"https:\/\/institutoomorphia.com.br\/home\/wp-json\/wp\/v2\/media?parent=111"}],"curies":[{"name":"wp","href":"https:\/\/api.w.org\/{rel}","templated":true}]}}