{"id":33,"date":"2024-03-10T14:55:30","date_gmt":"2024-03-10T14:55:30","guid":{"rendered":"https:\/\/institutoomorphia.com.br\/?page_id=33"},"modified":"2024-03-11T02:06:41","modified_gmt":"2024-03-11T02:06:41","slug":"home","status":"publish","type":"page","link":"https:\/\/institutoomorphia.com.br\/home\/","title":{"rendered":"Home"},"content":{"rendered":"\n<h2 class=\"wp-block-heading has-text-align-center\"><strong>Bem-vindo ao Instituto Odontol\u00f3gico Om\u00f3rphia<\/strong><\/h2>\n\n\n\n<h6 class=\"wp-block-heading has-text-align-center\">Cl\u00ednica Odontol\u00f3gica &#8211; Betim\/MG (31) 3787-0424<\/h6>\n\n\n\n<p class=\"has-text-align-center\">Rua Tapaj\u00f3s, 489 &#8211; Brasil\u00e9ia &#8211; Betim\/MG<\/p>\n\n\n\n<div class=\"wp-block-buttons is-content-justification-center is-layout-flex wp-container-core-buttons-is-layout-a89b3969 wp-block-buttons-is-layout-flex\">\n<div class=\"is-style-fill wp-block-button\"><a class=\"wp-block-button__link wp-element-button\" href=\"https:\/\/wa.me\/553137870424\" target=\"_blank\" rel=\"noopener\"><strong>Chame no WhatsApp<\/strong><\/a><\/div>\n<\/div>\n\n\n\n<div class=\"wp-block-media-text is-stacked-on-mobile\" style=\"grid-template-columns:43% auto\"><figure class=\"wp-block-media-text__media\"><img decoding=\"async\" width=\"1024\" height=\"1024\" src=\"https:\/\/institutoomorphia.com.br\/wp-content\/uploads\/2024\/03\/Logo-principal-1-2-1024x1024.png\" alt=\"\" class=\"wp-image-104 size-full\" srcset=\"https:\/\/institutoomorphia.com.br\/wp-content\/uploads\/2024\/03\/Logo-principal-1-2-1024x1024.png 1024w, https:\/\/institutoomorphia.com.br\/wp-content\/uploads\/2024\/03\/Logo-principal-1-2-300x300.png 300w, https:\/\/institutoomorphia.com.br\/wp-content\/uploads\/2024\/03\/Logo-principal-1-2-150x150.png 150w, https:\/\/institutoomorphia.com.br\/wp-content\/uploads\/2024\/03\/Logo-principal-1-2-768x768.png 768w, https:\/\/institutoomorphia.com.br\/wp-content\/uploads\/2024\/03\/Logo-principal-1-2-1536x1536.png 1536w, https:\/\/institutoomorphia.com.br\/wp-content\/uploads\/2024\/03\/Logo-principal-1-2.png 2000w\" sizes=\"(max-width: 1024px) 100vw, 1024px\" \/><\/figure><div class=\"wp-block-media-text__content\">\n<p class=\"\">Somos o Instituto Odontol\u00f3gico Om\u00f3rphia, uma refer\u00eancia em sa\u00fade bucal e forma\u00e7\u00e3o profissional em Betim &#8211; MG. Com o compromisso de oito anos no mercado, oferecemos servi\u00e7os de excel\u00eancia em nossa Cl\u00ednica Odontol\u00f3gica e capacitamos profissionais no Centro de Forma\u00e7\u00e3o Profissional em Sa\u00fade. Nossos valores fundamentais incluem atendimento \u00e9tico e humanizado, aliado \u00e0 tecnologia e inova\u00e7\u00e3o, proporcionando conforto, qualidade e transpar\u00eancia em cada intera\u00e7\u00e3o com nossos pacientes e alunos. Bem-vindo ao nosso espa\u00e7o dedicado ao cuidado e \u00e0 aprendizagem.<\/p>\n<\/div><\/div>\n\n\n\n<div class=\"wp-block-media-text has-media-on-the-right is-stacked-on-mobile\"><div class=\"wp-block-media-text__content\">\n<p class=\"\">O nome OMORPHIA \u00e9 uma fus\u00e3o de conceitos e valores que refletem nossa abordagem \u00fanica na \u00e1rea da odontologia e educa\u00e7\u00e3o em sa\u00fade.<\/p>\n\n\n\n<p class=\"\"> &#8216;Om&#8217; representa nossa dedica\u00e7\u00e3o \u00e0 Odontologia Moderna, incorporando tecnologia de ponta e pr\u00e1ticas atualizadas para oferecer os melhores cuidados dent\u00e1rios aos nossos pacientes. <br>A letra &#8216;R&#8217;, derivada da letra grega <strong>\u03c1<\/strong> &#8216;R\u00f4&#8217;, simboliza nossa \u00eanfase na conectividade &#8211; a liga\u00e7\u00e3o entre profissionais, pacientes e comunidades, construindo rela\u00e7\u00f5es s\u00f3lidas e duradouras. <\/p>\n\n\n\n<p class=\"\">Por fim, &#8216;Phia&#8217;, originada de &#8216;Sophia&#8217;, representa nossa busca pelo conhecimento e sabedoria na ci\u00eancia odontol\u00f3gica e na forma\u00e7\u00e3o profissional em sa\u00fade. <\/p>\n\n\n\n<p class=\"\">Em ess\u00eancia, o Instituto Om\u00f3rphia \u00e9 um espa\u00e7o onde a beleza, a modernidade, a conex\u00e3o e o conhecimento se unem para promover a sa\u00fade bucal e o crescimento profissional<\/p>\n<\/div><figure class=\"wp-block-media-text__media\"><img decoding=\"async\" width=\"819\" height=\"1024\" src=\"https:\/\/institutoomorphia.com.br\/wp-content\/uploads\/2024\/03\/Papel-timbrado-A4-receituario--819x1024.png\" alt=\"\" class=\"wp-image-105 size-full\" srcset=\"https:\/\/institutoomorphia.com.br\/wp-content\/uploads\/2024\/03\/Papel-timbrado-A4-receituario--819x1024.png 819w, https:\/\/institutoomorphia.com.br\/wp-content\/uploads\/2024\/03\/Papel-timbrado-A4-receituario--240x300.png 240w, https:\/\/institutoomorphia.com.br\/wp-content\/uploads\/2024\/03\/Papel-timbrado-A4-receituario--768x960.png 768w, https:\/\/institutoomorphia.com.br\/wp-content\/uploads\/2024\/03\/Papel-timbrado-A4-receituario-.png 1080w\" sizes=\"(max-width: 819px) 100vw, 819px\" \/><\/figure><\/div>\n\n\n\n<h4 class=\"wp-block-heading\">Onde estamos?<\/h4>\n\n\n<p><iframe src=\"https:\/\/www.google.com\/maps\/embed?pb=!1m14!1m8!1m3!1d14999.320499376034!2d-44.2058283!3d-19.9736451!3m2!1i1024!2i768!4f13.1!3m3!1m2!1s0xa6c3815a8e0a57%3A0x9e89e99bbe17ee09!2sInstituto%20Odontol%C3%B3gico%20Omorphia!5e0!3m2!1spt-BR!2sbr!4v1710096025893!5m2!1spt-BR!2sbr\" width=\"600\" height=\"450\" style=\"border:0;\" allowfullscreen=\"\" loading=\"lazy\" referrerpolicy=\"no-referrer-when-downgrade\"><\/iframe><\/p>\n","protected":false},"excerpt":{"rendered":"<p>Bem-vindo ao Instituto Odontol\u00f3gico Om\u00f3rphia Cl\u00ednica Odontol\u00f3gica &#8211; Betim\/MG (31) 3787-0424 Rua Tapaj\u00f3s, 489 &#8211; Brasil\u00e9ia &#8211; Betim\/MG Somos o [&hellip;]<\/p>\n","protected":false},"author":1,"featured_media":0,"parent":0,"menu_order":0,"comment_status":"open","ping_status":"closed","template":"","meta":{"nf_dc_page":"","site-sidebar-layout":"default","site-content-layout":"","ast-site-content-layout":"default","site-content-style":"default","site-sidebar-style":"default","ast-global-header-display":"","ast-banner-title-visibility":"","ast-main-header-display":"","ast-hfb-above-header-display":"","ast-hfb-below-header-display":"","ast-hfb-mobile-header-display":"","site-post-title":"disabled","ast-breadcrumbs-content":"","ast-featured-img":"","footer-sml-layout":"","ast-disable-related-posts":"","theme-transparent-header-meta":"","adv-header-id-meta":"","stick-header-meta":"","header-above-stick-meta":"","header-main-stick-meta":"","header-below-stick-meta":"","astra-migrate-meta-layouts":"default","ast-page-background-enabled":"default","ast-page-background-meta":{"desktop":{"background-color":"var(--ast-global-color-4)","background-image":"","background-repeat":"repeat","background-position":"center center","background-size":"auto","background-attachment":"scroll","background-type":"","background-media":"","overlay-type":"","overlay-color":"","overlay-opacity":"","overlay-gradient":""},"tablet":{"background-color":"","background-image":"","background-repeat":"repeat","background-position":"center center","background-size":"auto","background-attachment":"scroll","background-type":"","background-media":"","overlay-type":"","overlay-color":"","overlay-opacity":"","overlay-gradient":""},"mobile":{"background-color":"","background-image":"","background-repeat":"repeat","background-position":"center center","background-size":"auto","background-attachment":"scroll","background-type":"","background-media":"","overlay-type":"","overlay-color":"","overlay-opacity":"","overlay-gradient":""}},"ast-content-background-meta":{"desktop":{"background-color":"var(--ast-global-color-5)","background-image":"","background-repeat":"repeat","background-position":"center center","background-size":"auto","background-attachment":"scroll","background-type":"","background-media":"","overlay-type":"","overlay-color":"","overlay-opacity":"","overlay-gradient":""},"tablet":{"background-color":"var(--ast-global-color-5)","background-image":"","background-repeat":"repeat","background-position":"center center","background-size":"auto","background-attachment":"scroll","background-type":"","background-media":"","overlay-type":"","overlay-color":"","overlay-opacity":"","overlay-gradient":""},"mobile":{"background-color":"var(--ast-global-color-5)","background-image":"","background-repeat":"repeat","background-position":"center center","background-size":"auto","background-attachment":"scroll","background-type":"","background-media":"","overlay-type":"","overlay-color":"","overlay-opacity":"","overlay-gradient":""}},"footnotes":""},"class_list":["post-33","page","type-page","status-publish","hentry"],"_links":{"self":[{"href":"https:\/\/institutoomorphia.com.br\/home\/wp-json\/wp\/v2\/pages\/33","targetHints":{"allow":["GET"]}}],"collection":[{"href":"https:\/\/institutoomorphia.com.br\/home\/wp-json\/wp\/v2\/pages"}],"about":[{"href":"https:\/\/institutoomorphia.com.br\/home\/wp-json\/wp\/v2\/types\/page"}],"author":[{"embeddable":true,"href":"https:\/\/institutoomorphia.com.br\/home\/wp-json\/wp\/v2\/users\/1"}],"replies":[{"embeddable":true,"href":"https:\/\/institutoomorphia.com.br\/home\/wp-json\/wp\/v2\/comments?post=33"}],"version-history":[{"count":5,"href":"https:\/\/institutoomorphia.com.br\/home\/wp-json\/wp\/v2\/pages\/33\/revisions"}],"predecessor-version":[{"id":115,"href":"https:\/\/institutoomorphia.com.br\/home\/wp-json\/wp\/v2\/pages\/33\/revisions\/115"}],"wp:attachment":[{"href":"https:\/\/institutoomorphia.com.br\/home\/wp-json\/wp\/v2\/media?parent=33"}],"curies":[{"name":"wp","href":"https:\/\/api.w.org\/{rel}","templated":true}]}}