{"id":37,"date":"2024-03-10T14:56:11","date_gmt":"2024-03-10T14:56:11","guid":{"rendered":"https:\/\/institutoomorphia.com.br\/?page_id=37"},"modified":"2024-03-13T19:53:02","modified_gmt":"2024-03-13T19:53:02","slug":"quem-somos","status":"publish","type":"page","link":"https:\/\/institutoomorphia.com.br\/home\/quem-somos\/","title":{"rendered":"Quem somos"},"content":{"rendered":"\n<p class=\"has-text-align-center\"><strong>N\u00f3s somos o Instituto Om\u00f3rphia!<\/strong><\/p>\n\n\n\n<h2 class=\"wp-block-heading\">Conhe\u00e7a nossa equipe!<\/h2>\n\n\n\n<div class=\"wp-block-media-text is-stacked-on-mobile\"><figure class=\"wp-block-media-text__media\"><img decoding=\"async\" width=\"683\" height=\"1024\" src=\"https:\/\/institutoomorphia.com.br\/wp-content\/uploads\/2024\/03\/servletrecuperafoto-683x1024.jpg\" alt=\"\" class=\"wp-image-118 size-full\" srcset=\"https:\/\/institutoomorphia.com.br\/wp-content\/uploads\/2024\/03\/servletrecuperafoto-683x1024.jpg 683w, https:\/\/institutoomorphia.com.br\/wp-content\/uploads\/2024\/03\/servletrecuperafoto-200x300.jpg 200w, https:\/\/institutoomorphia.com.br\/wp-content\/uploads\/2024\/03\/servletrecuperafoto-768x1152.jpg 768w, https:\/\/institutoomorphia.com.br\/wp-content\/uploads\/2024\/03\/servletrecuperafoto-1024x1536.jpg 1024w, https:\/\/institutoomorphia.com.br\/wp-content\/uploads\/2024\/03\/servletrecuperafoto.jpg 1280w\" sizes=\"(max-width: 683px) 100vw, 683px\" \/><\/figure><div class=\"wp-block-media-text__content\">\n<p class=\"\"><strong>Dr. Lucas Moreira Maia <\/strong>&#8211; Cirurgi\u00e3o-Dentista (CRO-MG 41897)<\/p>\n\n\n\n<p class=\"\">Graduado em Odontologia pela Universidade de Ita\u00fana-MG &#8211; (2012); especialista em Endodontia pela UIT (2016). Mestre em Endodontia pela Universidade Federal de Minas Gerais &#8211; UFMG (2017). Doutor em Endodontia pela UFMG (2018-2022). <\/p>\n\n\n\n<p class=\"\">Professor do Curso de Especializa\u00e7\u00e3o em Endodontia UIT (2017). Professor do Curso de Especializa\u00e7\u00e3o em Endodontia Faculdade de Ci\u00eancias Odontol\u00f3gicas (FCO) Montes Claros- MG (2017). <\/p>\n\n\n\n<p class=\"\">Pratica exclusiva em Endodontia (2013). Fundador do EndoGuide Brasil. Tem experi\u00eancia na \u00e1rea de Odontologia, com \u00eanfase em Endodontia , atuando principalmente nos seguintes temas: microbiologia endod\u00f4ntica, imunologia endod\u00f4ntica, endodontia guiada (ENDOGUIDE3D)<\/p>\n\n\n\n<p class=\"\">S\u00f3cio propriet\u00e1rio do Instituto Odontol\u00f3gico Om\u00f3rphia<\/p>\n<\/div><\/div>\n\n\n\n<div class=\"wp-block-media-text has-media-on-the-right is-stacked-on-mobile\"><div class=\"wp-block-media-text__content\">\n<p class=\"\"><strong>Dr. Gabriel Ponte de Freitas Campos<\/strong> &#8211; Cirurgi\u00e3o-Dentista (CRO-MG 41855)<\/p>\n\n\n\n<p class=\"\">Graduado em Odontologia (Universidade de Ita\u00fana &#8211; 2012); Especialista em Ortodontia (Uning\u00e1 &#8211; 2017); Mestre em Odontologia &#8211; \u00c1rea de concentra\u00e7\u00e3o: Cl\u00ednicas Odontol\u00f3gicas (PUC Minas &#8211; 2017). <\/p>\n\n\n\n<p class=\"\">Tem experi\u00eancia em Odontologia, atuando principalmente na \u00e1rea de Ortodontia e Ortopedia Funcional dos Maxilares. <\/p>\n\n\n\n<p class=\"\">Professor titular da Faculdade Anhanguera &#8211; Unidade Betim; Coordenador do Curso de Odontologia (2019-2023).<\/p>\n\n\n\n<p class=\"\">SouSmile &#8211; SouPr\u00f3 (S\u00e3o Paulo &#8211; 2023)<\/p>\n\n\n\n<p class=\"\">S\u00f3cio propriet\u00e1rio do Instituto Odontol\u00f3gico Om\u00f3rphia<\/p>\n<\/div><figure class=\"wp-block-media-text__media\"><img decoding=\"async\" width=\"768\" height=\"1024\" src=\"https:\/\/institutoomorphia.com.br\/wp-content\/uploads\/2024\/03\/WhatsApp-Image-2024-03-12-at-10.50.23-768x1024.jpeg\" alt=\"\" class=\"wp-image-119 size-full\" srcset=\"https:\/\/institutoomorphia.com.br\/wp-content\/uploads\/2024\/03\/WhatsApp-Image-2024-03-12-at-10.50.23-768x1024.jpeg 768w, https:\/\/institutoomorphia.com.br\/wp-content\/uploads\/2024\/03\/WhatsApp-Image-2024-03-12-at-10.50.23-225x300.jpeg 225w, https:\/\/institutoomorphia.com.br\/wp-content\/uploads\/2024\/03\/WhatsApp-Image-2024-03-12-at-10.50.23-1152x1536.jpeg 1152w, https:\/\/institutoomorphia.com.br\/wp-content\/uploads\/2024\/03\/WhatsApp-Image-2024-03-12-at-10.50.23.jpeg 1200w\" sizes=\"(max-width: 768px) 100vw, 768px\" \/><\/figure><\/div>\n","protected":false},"excerpt":{"rendered":"<p>N\u00f3s somos o Instituto Om\u00f3rphia! Conhe\u00e7a nossa equipe! Dr. Lucas Moreira Maia &#8211; Cirurgi\u00e3o-Dentista (CRO-MG 41897) Graduado em Odontologia pela [&hellip;]<\/p>\n","protected":false},"author":1,"featured_media":0,"parent":0,"menu_order":0,"comment_status":"closed","ping_status":"closed","template":"","meta":{"nf_dc_page":"","site-sidebar-layout":"default","site-content-layout":"","ast-site-content-layout":"default","site-content-style":"default","site-sidebar-style":"default","ast-global-header-display":"","ast-banner-title-visibility":"","ast-main-header-display":"","ast-hfb-above-header-display":"","ast-hfb-below-header-display":"","ast-hfb-mobile-header-display":"","site-post-title":"","ast-breadcrumbs-content":"","ast-featured-img":"","footer-sml-layout":"","ast-disable-related-posts":"","theme-transparent-header-meta":"","adv-header-id-meta":"","stick-header-meta":"","header-above-stick-meta":"","header-main-stick-meta":"","header-below-stick-meta":"","astra-migrate-meta-layouts":"default","ast-page-background-enabled":"default","ast-page-background-meta":{"desktop":{"background-color":"var(--ast-global-color-4)","background-image":"","background-repeat":"repeat","background-position":"center center","background-size":"auto","background-attachment":"scroll","background-type":"","background-media":"","overlay-type":"","overlay-color":"","overlay-opacity":"","overlay-gradient":""},"tablet":{"background-color":"","background-image":"","background-repeat":"repeat","background-position":"center center","background-size":"auto","background-attachment":"scroll","background-type":"","background-media":"","overlay-type":"","overlay-color":"","overlay-opacity":"","overlay-gradient":""},"mobile":{"background-color":"","background-image":"","background-repeat":"repeat","background-position":"center center","background-size":"auto","background-attachment":"scroll","background-type":"","background-media":"","overlay-type":"","overlay-color":"","overlay-opacity":"","overlay-gradient":""}},"ast-content-background-meta":{"desktop":{"background-color":"var(--ast-global-color-5)","background-image":"","background-repeat":"repeat","background-position":"center center","background-size":"auto","background-attachment":"scroll","background-type":"","background-media":"","overlay-type":"","overlay-color":"","overlay-opacity":"","overlay-gradient":""},"tablet":{"background-color":"var(--ast-global-color-5)","background-image":"","background-repeat":"repeat","background-position":"center center","background-size":"auto","background-attachment":"scroll","background-type":"","background-media":"","overlay-type":"","overlay-color":"","overlay-opacity":"","overlay-gradient":""},"mobile":{"background-color":"var(--ast-global-color-5)","background-image":"","background-repeat":"repeat","background-position":"center center","background-size":"auto","background-attachment":"scroll","background-type":"","background-media":"","overlay-type":"","overlay-color":"","overlay-opacity":"","overlay-gradient":""}},"footnotes":""},"class_list":["post-37","page","type-page","status-publish","hentry"],"_links":{"self":[{"href":"https:\/\/institutoomorphia.com.br\/home\/wp-json\/wp\/v2\/pages\/37","targetHints":{"allow":["GET"]}}],"collection":[{"href":"https:\/\/institutoomorphia.com.br\/home\/wp-json\/wp\/v2\/pages"}],"about":[{"href":"https:\/\/institutoomorphia.com.br\/home\/wp-json\/wp\/v2\/types\/page"}],"author":[{"embeddable":true,"href":"https:\/\/institutoomorphia.com.br\/home\/wp-json\/wp\/v2\/users\/1"}],"replies":[{"embeddable":true,"href":"https:\/\/institutoomorphia.com.br\/home\/wp-json\/wp\/v2\/comments?post=37"}],"version-history":[{"count":4,"href":"https:\/\/institutoomorphia.com.br\/home\/wp-json\/wp\/v2\/pages\/37\/revisions"}],"predecessor-version":[{"id":121,"href":"https:\/\/institutoomorphia.com.br\/home\/wp-json\/wp\/v2\/pages\/37\/revisions\/121"}],"wp:attachment":[{"href":"https:\/\/institutoomorphia.com.br\/home\/wp-json\/wp\/v2\/media?parent=37"}],"curies":[{"name":"wp","href":"https:\/\/api.w.org\/{rel}","templated":true}]}}