{"id":62,"date":"2024-03-10T16:30:00","date_gmt":"2024-03-10T16:30:00","guid":{"rendered":"https:\/\/institutoomorphia.com.br\/?page_id=62"},"modified":"2024-03-10T20:37:02","modified_gmt":"2024-03-10T20:37:02","slug":"formulario-recebido","status":"publish","type":"page","link":"https:\/\/institutoomorphia.com.br\/home\/contato\/formulario-recebido\/","title":{"rendered":"Formul\u00e1rio Recebido"},"content":{"rendered":"<div class=\"is-default-size is-style-default wp-block-site-logo\"><a href=\"https:\/\/institutoomorphia.com.br\/home\/\" class=\"custom-logo-link\" rel=\"home\"><img decoding=\"async\" width=\"1999\" height=\"667\" src=\"https:\/\/institutoomorphia.com.br\/wp-content\/uploads\/2024\/03\/cropped-Logo-principal-1-1.png\" class=\"custom-logo\" alt=\"\" srcset=\"https:\/\/institutoomorphia.com.br\/wp-content\/uploads\/2024\/03\/cropped-Logo-principal-1-1.png 1999w, https:\/\/institutoomorphia.com.br\/wp-content\/uploads\/2024\/03\/cropped-Logo-principal-1-1-300x100.png 300w, https:\/\/institutoomorphia.com.br\/wp-content\/uploads\/2024\/03\/cropped-Logo-principal-1-1-1024x342.png 1024w, https:\/\/institutoomorphia.com.br\/wp-content\/uploads\/2024\/03\/cropped-Logo-principal-1-1-768x256.png 768w, https:\/\/institutoomorphia.com.br\/wp-content\/uploads\/2024\/03\/cropped-Logo-principal-1-1-1536x513.png 1536w\" sizes=\"(max-width: 1999px) 100vw, 1999px\" \/><\/a><\/div>\n\n\n<figure class=\"wp-block-pullquote has-ast-global-color-6-background-color has-background nfd-wb-animate nfd-wb-zoom-in\"><blockquote><p><strong>Obrigado por entrar em contato conosco! <\/strong><br>Nossa equipe entrar\u00e1 em contato em breve para ajud\u00e1-lo ainda mais. <br>Enquanto isso, por que n\u00e3o explorar nossos servi\u00e7os e descobrir como podemos atender melhor \u00e0s suas necessidades?<\/p><\/blockquote><\/figure>\n\n\n\n<div class=\"wp-block-columns is-layout-flex wp-container-core-columns-is-layout-28f84493 wp-block-columns-is-layout-flex\">\n<div class=\"wp-block-column is-layout-flow wp-block-column-is-layout-flow\" style=\"flex-basis:100%\">\n<div class=\"wp-block-group is-layout-constrained wp-block-group-is-layout-constrained\">\n<div class=\"wp-block-columns is-layout-flex wp-container-core-columns-is-layout-28f84493 wp-block-columns-is-layout-flex\">\n<div class=\"wp-block-column is-layout-flow wp-block-column-is-layout-flow\" style=\"flex-basis:100%\">\n<div class=\"wp-block-group is-layout-constrained wp-block-group-is-layout-constrained\"><ul class=\"wp-block-page-list has-medium-font-size\"><li class=\"wp-block-pages-list__item has-child\"><a class=\"wp-block-pages-list__item__link\" href=\"https:\/\/institutoomorphia.com.br\/home\/alinhadores-invisiveis\/\">Alinhadores Invis\u00edveis<\/a><ul class=\"wp-block-navigation__submenu-container\"><li class=\"wp-block-pages-list__item \"><a class=\"wp-block-pages-list__item__link\" href=\"https:\/\/institutoomorphia.com.br\/home\/alinhadores-invisiveis\/sousmile\/\">SouSmile<\/a><\/li><\/ul><\/li><li class=\"wp-block-pages-list__item has-child\"><a class=\"wp-block-pages-list__item__link\" href=\"https:\/\/institutoomorphia.com.br\/home\/contato\/\">Contato<\/a><ul class=\"wp-block-navigation__submenu-container\"><li class=\"wp-block-pages-list__item \"><a class=\"wp-block-pages-list__item__link\" href=\"https:\/\/institutoomorphia.com.br\/home\/contato\/formulario-recebido\/\">Formul\u00e1rio Recebido<\/a><\/li><\/ul><\/li><li class=\"wp-block-pages-list__item menu-item-home\"><a class=\"wp-block-pages-list__item__link\" href=\"https:\/\/institutoomorphia.com.br\/home\/\">Home<\/a><\/li><li class=\"wp-block-pages-list__item\"><a class=\"wp-block-pages-list__item__link\" href=\"https:\/\/institutoomorphia.com.br\/home\/quem-somos\/\">Quem somos<\/a><\/li><li class=\"wp-block-pages-list__item\"><a class=\"wp-block-pages-list__item__link\" href=\"https:\/\/institutoomorphia.com.br\/home\/tecnologias\/\">TECNOLOGIAS<\/a><\/li><li class=\"wp-block-pages-list__item\"><a class=\"wp-block-pages-list__item__link\" href=\"https:\/\/institutoomorphia.com.br\/home\/tratamento-de-canal-com-microscopio\/\">Tratamento de Canal com Microsc\u00f3pio<\/a><\/li><li class=\"wp-block-pages-list__item has-child\"><a class=\"wp-block-pages-list__item__link\" href=\"https:\/\/institutoomorphia.com.br\/home\/tratamentos\/\">Tratamentos<\/a><ul class=\"wp-block-navigation__submenu-container\"><li class=\"wp-block-pages-list__item \"><a class=\"wp-block-pages-list__item__link\" href=\"https:\/\/institutoomorphia.com.br\/home\/tratamentos\/implantes-dentais\/\">Implantes Dentais<\/a><\/li><li class=\"wp-block-pages-list__item \"><a class=\"wp-block-pages-list__item__link\" href=\"https:\/\/institutoomorphia.com.br\/home\/tratamentos\/extracao-de-siso\/\">Extra\u00e7\u00e3o de Siso<\/a><\/li><li class=\"wp-block-pages-list__item \"><a class=\"wp-block-pages-list__item__link\" href=\"https:\/\/institutoomorphia.com.br\/home\/tratamentos\/clareamento-dental\/\">Clareamento Dental<\/a><\/li><li class=\"wp-block-pages-list__item \"><a class=\"wp-block-pages-list__item__link\" href=\"https:\/\/institutoomorphia.com.br\/home\/tratamentos\/ortodontia-e-ortopedia-funcional\/\">Ortodontia e Ortopedia Funcional<\/a><\/li><\/ul><\/li><\/ul><\/div>\n<\/div>\n<\/div>\n<\/div>\n<\/div>\n<\/div>\n\n\n\n<div class=\"wp-block-buttons is-content-justification-center is-layout-flex wp-container-core-buttons-is-layout-a89b3969 wp-block-buttons-is-layout-flex\">\n<div class=\"wp-block-button\"><a class=\"wp-block-button__link wp-element-button\" href=\"https:\/\/wa.me\/553137870424\" target=\"_blank\" rel=\"noopener\">Quero falar no WhatsApp<\/a><\/div>\n<\/div>\n","protected":false},"excerpt":{"rendered":"<p>Obrigado por entrar em contato conosco! Nossa equipe entrar\u00e1 em contato em breve para ajud\u00e1-lo ainda mais. Enquanto isso, por [&hellip;]<\/p>\n","protected":false},"author":1,"featured_media":0,"parent":39,"menu_order":0,"comment_status":"closed","ping_status":"closed","template":"","meta":{"nf_dc_page":"","site-sidebar-layout":"default","site-content-layout":"","ast-site-content-layout":"default","site-content-style":"default","site-sidebar-style":"default","ast-global-header-display":"","ast-banner-title-visibility":"","ast-main-header-display":"","ast-hfb-above-header-display":"","ast-hfb-below-header-display":"","ast-hfb-mobile-header-display":"","site-post-title":"disabled","ast-breadcrumbs-content":"","ast-featured-img":"","footer-sml-layout":"","ast-disable-related-posts":"","theme-transparent-header-meta":"","adv-header-id-meta":"","stick-header-meta":"","header-above-stick-meta":"","header-main-stick-meta":"","header-below-stick-meta":"","astra-migrate-meta-layouts":"default","ast-page-background-enabled":"default","ast-page-background-meta":{"desktop":{"background-color":"var(--ast-global-color-4)","background-image":"","background-repeat":"repeat","background-position":"center center","background-size":"auto","background-attachment":"scroll","background-type":"","background-media":"","overlay-type":"","overlay-color":"","overlay-opacity":"","overlay-gradient":""},"tablet":{"background-color":"","background-image":"","background-repeat":"repeat","background-position":"center center","background-size":"auto","background-attachment":"scroll","background-type":"","background-media":"","overlay-type":"","overlay-color":"","overlay-opacity":"","overlay-gradient":""},"mobile":{"background-color":"","background-image":"","background-repeat":"repeat","background-position":"center center","background-size":"auto","background-attachment":"scroll","background-type":"","background-media":"","overlay-type":"","overlay-color":"","overlay-opacity":"","overlay-gradient":""}},"ast-content-background-meta":{"desktop":{"background-color":"var(--ast-global-color-5)","background-image":"","background-repeat":"repeat","background-position":"center center","background-size":"auto","background-attachment":"scroll","background-type":"","background-media":"","overlay-type":"","overlay-color":"","overlay-opacity":"","overlay-gradient":""},"tablet":{"background-color":"var(--ast-global-color-5)","background-image":"","background-repeat":"repeat","background-position":"center center","background-size":"auto","background-attachment":"scroll","background-type":"","background-media":"","overlay-type":"","overlay-color":"","overlay-opacity":"","overlay-gradient":""},"mobile":{"background-color":"var(--ast-global-color-5)","background-image":"","background-repeat":"repeat","background-position":"center center","background-size":"auto","background-attachment":"scroll","background-type":"","background-media":"","overlay-type":"","overlay-color":"","overlay-opacity":"","overlay-gradient":""}},"footnotes":""},"class_list":["post-62","page","type-page","status-publish","hentry"],"_links":{"self":[{"href":"https:\/\/institutoomorphia.com.br\/home\/wp-json\/wp\/v2\/pages\/62","targetHints":{"allow":["GET"]}}],"collection":[{"href":"https:\/\/institutoomorphia.com.br\/home\/wp-json\/wp\/v2\/pages"}],"about":[{"href":"https:\/\/institutoomorphia.com.br\/home\/wp-json\/wp\/v2\/types\/page"}],"author":[{"embeddable":true,"href":"https:\/\/institutoomorphia.com.br\/home\/wp-json\/wp\/v2\/users\/1"}],"replies":[{"embeddable":true,"href":"https:\/\/institutoomorphia.com.br\/home\/wp-json\/wp\/v2\/comments?post=62"}],"version-history":[{"count":4,"href":"https:\/\/institutoomorphia.com.br\/home\/wp-json\/wp\/v2\/pages\/62\/revisions"}],"predecessor-version":[{"id":70,"href":"https:\/\/institutoomorphia.com.br\/home\/wp-json\/wp\/v2\/pages\/62\/revisions\/70"}],"up":[{"embeddable":true,"href":"https:\/\/institutoomorphia.com.br\/home\/wp-json\/wp\/v2\/pages\/39"}],"wp:attachment":[{"href":"https:\/\/institutoomorphia.com.br\/home\/wp-json\/wp\/v2\/media?parent=62"}],"curies":[{"name":"wp","href":"https:\/\/api.w.org\/{rel}","templated":true}]}}