{"id":89,"date":"2024-03-10T17:51:12","date_gmt":"2024-03-10T17:51:12","guid":{"rendered":"https:\/\/institutoomorphia.com.br\/?page_id=89"},"modified":"2024-03-10T18:15:45","modified_gmt":"2024-03-10T18:15:45","slug":"sousmile","status":"publish","type":"page","link":"https:\/\/institutoomorphia.com.br\/home\/alinhadores-invisiveis\/sousmile\/","title":{"rendered":"SouSmile"},"content":{"rendered":"\n<h1 class=\"wp-block-heading has-text-align-center\">SouSmile &#8211; o alinhador invis\u00edvel<br>que revela seu sorriso<\/h1>\n\n\n\n<div class=\"wp-block-media-text is-stacked-on-mobile\"><figure class=\"wp-block-media-text__media\"><img decoding=\"async\" width=\"1024\" height=\"1024\" src=\"https:\/\/institutoomorphia.com.br\/wp-content\/uploads\/2024\/03\/11_feed-1-1024x1024.jpg\" alt=\"\" class=\"wp-image-91 size-full\" srcset=\"https:\/\/institutoomorphia.com.br\/wp-content\/uploads\/2024\/03\/11_feed-1-1024x1024.jpg 1024w, https:\/\/institutoomorphia.com.br\/wp-content\/uploads\/2024\/03\/11_feed-1-300x300.jpg 300w, https:\/\/institutoomorphia.com.br\/wp-content\/uploads\/2024\/03\/11_feed-1-150x150.jpg 150w, https:\/\/institutoomorphia.com.br\/wp-content\/uploads\/2024\/03\/11_feed-1-768x768.jpg 768w, https:\/\/institutoomorphia.com.br\/wp-content\/uploads\/2024\/03\/11_feed-1.jpg 1080w\" sizes=\"(max-width: 1024px) 100vw, 1024px\" \/><\/figure><div class=\"wp-block-media-text__content\">\n<p class=\"\">A SouSmile foi criada em 2018, em S\u00e3o Paulo, com o objetivo de <strong>democratizar o acesso ao sorriso e transformar a experi\u00eancia de ida ao dentista.<\/strong> Para isso, juntamos <strong>os melhores profissionais da odontologia, ortodontia, tecnologia, marketing<\/strong> e experi\u00eancia do cliente e abrimos a primeira unidade em Pinheiros.<\/p>\n\n\n\n<p class=\"\">Em pouco tempo, evolu\u00edmos para mais de 180.000 sorrisos avaliados em +500 localiza\u00e7\u00f5es em todo o Brasil, mais de 200 colaboradores, <strong>uma f\u00e1brica pr\u00f3pria de aparelho invis\u00edvel <\/strong>e milhares de<strong> sorrisos revelados<\/strong>. No Brasil, 80% dos casos ortod\u00f4nticos poderiam ser tratados com alinhadores, mas apenas 4% t\u00eam acesso a esse tipo de tratamento. Estamos aqui para mudar essa hist\u00f3ria.<\/p>\n<\/div><\/div>\n\n\n\n<div class=\"wp-block-media-text has-media-on-the-right is-stacked-on-mobile\"><div class=\"wp-block-media-text__content\">\n<p class=\"\">Cuidado Digital<br><br>Nossa jornada \u00e9 tecnol\u00f3gica do in\u00edcio ao fim, para que sua experi\u00eancia seja mais pr\u00e1tica. Com nosso aplicativo, voc\u00ea tem autonomia para agendar as consultas, assim como para acessar os exames. Voc\u00ea pode at\u00e9 esquecer que est\u00e1 usando os alinhadores, mas nossos dentistas n\u00e3o se esquecem de voc\u00ea: mandamos notifica\u00e7\u00f5es lembrando das trocas de fase e dos retornos para os acompanhamentos. Bem-vindo ao dentista do futuro.<\/p>\n<\/div><figure class=\"wp-block-media-text__media\"><img decoding=\"async\" width=\"819\" height=\"1024\" src=\"https:\/\/institutoomorphia.com.br\/wp-content\/uploads\/2024\/03\/Post_13_tela1-1-819x1024.jpg\" alt=\"\" class=\"wp-image-93 size-full\" srcset=\"https:\/\/institutoomorphia.com.br\/wp-content\/uploads\/2024\/03\/Post_13_tela1-1-819x1024.jpg 819w, https:\/\/institutoomorphia.com.br\/wp-content\/uploads\/2024\/03\/Post_13_tela1-1-240x300.jpg 240w, https:\/\/institutoomorphia.com.br\/wp-content\/uploads\/2024\/03\/Post_13_tela1-1-768x960.jpg 768w, https:\/\/institutoomorphia.com.br\/wp-content\/uploads\/2024\/03\/Post_13_tela1-1.jpg 1080w\" sizes=\"(max-width: 819px) 100vw, 819px\" \/><\/figure><\/div>\n\n\n\n<div class=\"wp-block-media-text is-stacked-on-mobile\"><figure class=\"wp-block-media-text__media\"><video controls src=\"https:\/\/institutoomorphia.com.br\/wp-content\/uploads\/2024\/03\/Copia-de-SOUSMILE-16-1.mp4\"><\/video><\/figure><div class=\"wp-block-media-text__content\">\n<p class=\"\">Tecnologia de Ponta<\/p>\n\n\n\n<p class=\"\">Temos nossa pr\u00f3pria f\u00e1brica de alinhadores, em S\u00e3o Paulo. Tudo \u00e9 automatizado e acompanhado de perto com um alto controle de qualidade, para que voc\u00ea receba o melhor aparelho invis\u00edvel, no menor prazo do mercado. Nosso rob\u00f4 faz os recortes dos alinhadores de forma personalizada, de acordo com o que foi planejado por nossos ortodontistas &#8211; o resultado \u00e9 um produto de mais qualidade e conforto. Com ele, conseguimos recortar um alinhador a cada 30 segundos, com muito mais efici\u00eancia.<\/p>\n<\/div><\/div>\n\n\n\n<div class=\"wp-block-media-text has-media-on-the-right is-stacked-on-mobile\"><div class=\"wp-block-media-text__content\">\n<p class=\"\">Poliuretano: O melhor material<\/p>\n\n\n\n<p class=\"\">Trabalhamos com poliuretano na produ\u00e7\u00e3o dos alinhadores. O material \u00e9 considerado padr\u00e3o ouro na odontologia e \u00e9 mais transparente e eficaz que o PET-G, usado no aparelho invis\u00edvel convencional. Sua qualidade tamb\u00e9m proporciona um tratamento mais r\u00e1pido e de acordo com o que foi planejado por nossos ortodontistas.<\/p>\n<\/div><figure class=\"wp-block-media-text__media\"><img decoding=\"async\" width=\"819\" height=\"1024\" src=\"https:\/\/institutoomorphia.com.br\/wp-content\/uploads\/2024\/03\/Post_5_6-1-819x1024.jpg\" alt=\"\" class=\"wp-image-94 size-full\" srcset=\"https:\/\/institutoomorphia.com.br\/wp-content\/uploads\/2024\/03\/Post_5_6-1-819x1024.jpg 819w, https:\/\/institutoomorphia.com.br\/wp-content\/uploads\/2024\/03\/Post_5_6-1-240x300.jpg 240w, https:\/\/institutoomorphia.com.br\/wp-content\/uploads\/2024\/03\/Post_5_6-1-768x960.jpg 768w, https:\/\/institutoomorphia.com.br\/wp-content\/uploads\/2024\/03\/Post_5_6-1-1229x1536.jpg 1229w, https:\/\/institutoomorphia.com.br\/wp-content\/uploads\/2024\/03\/Post_5_6-1.jpg 1536w\" sizes=\"(max-width: 819px) 100vw, 819px\" \/><\/figure><\/div>\n\n\n\n<div class=\"wp-block-media-text is-stacked-on-mobile\"><figure class=\"wp-block-media-text__media\"><img decoding=\"async\" width=\"1024\" height=\"1024\" src=\"https:\/\/institutoomorphia.com.br\/wp-content\/uploads\/2024\/03\/assets_1_feed-1-1024x1024.jpg\" alt=\"\" class=\"wp-image-95 size-full\" srcset=\"https:\/\/institutoomorphia.com.br\/wp-content\/uploads\/2024\/03\/assets_1_feed-1-1024x1024.jpg 1024w, https:\/\/institutoomorphia.com.br\/wp-content\/uploads\/2024\/03\/assets_1_feed-1-300x300.jpg 300w, https:\/\/institutoomorphia.com.br\/wp-content\/uploads\/2024\/03\/assets_1_feed-1-150x150.jpg 150w, https:\/\/institutoomorphia.com.br\/wp-content\/uploads\/2024\/03\/assets_1_feed-1-768x768.jpg 768w, https:\/\/institutoomorphia.com.br\/wp-content\/uploads\/2024\/03\/assets_1_feed-1.jpg 1080w\" sizes=\"(max-width: 1024px) 100vw, 1024px\" \/><\/figure><div class=\"wp-block-media-text__content\">\n<p class=\"\">Acreditamos que os sorrisos devem ser revelados, e n\u00e3o constru\u00eddos.<\/p>\n\n\n\n<p class=\"\">Nossos sorrisos s\u00e3o portas para a conex\u00e3o humana. Cada sorriso ou risada oferecem um vislumbre moment\u00e2neo de quem somos de verdade. N\u00e3o queremos nos parecer com outras pessoas, queremos nos sentir como a melhor vers\u00e3o de n\u00f3s mesmos.<\/p>\n\n\n\n<p class=\"\">N\u00f3s te ajudamos a achar o melhor no seu sorriso, porque mudan\u00e7as sutis acabam revelando quem voc\u00ea sempre foi. Na SouSmile, n\u00f3s celebramos isso. Somos uma comunidade de experts, dentistas e parceiros que valorizam a autenticidade sobre a perfei\u00e7\u00e3o. Em cada etapa da sua jornada, n\u00f3s valorizamos gentileza acima de frieza e conversas acima de transa\u00e7\u00f5es.<\/p>\n\n\n\n<p class=\"\">\u00c9 por isso que nos preocupamos primeiro com a pessoa, e depois com o seu sorriso. Vamos te guiar para que voc\u00ea se sinta quem voc\u00ea deveria ser. O voc\u00ea de verdade.<\/p>\n\n\n\n<div class=\"wp-block-buttons is-content-justification-center is-layout-flex wp-container-core-buttons-is-layout-a89b3969 wp-block-buttons-is-layout-flex\">\n<div class=\"wp-block-button\"><a class=\"wp-block-button__link wp-element-button\" href=\"https:\/\/wa.me\/553137870424\" target=\"_blank\" rel=\"noreferrer noopener\">Quero agendar uma avalia\u00e7\u00e3o presencial<\/a><\/div>\n\n\n\n<div class=\"wp-block-button\"><a class=\"wp-block-button__link wp-element-button\" href=\"https:\/\/sousmile.info\/preavaliacaogabriel\" target=\"_blank\" rel=\"noreferrer noopener\">Quero agendar uma avalia\u00e7\u00e3o Online<\/a><\/div>\n<\/div>\n<\/div><\/div>\n\n\n\n<div class=\"wp-block-group alignfull is-content-justification-space-between is-layout-flex wp-container-core-group-is-layout-83af0991 wp-block-group-is-layout-flex\" style=\"margin-top:0;margin-bottom:0;padding-top:var(--wp--preset--spacing--50);padding-right:var(--wp--preset--spacing--30);padding-bottom:var(--wp--preset--spacing--50);padding-left:var(--wp--preset--spacing--30)\">\n<div class=\"wp-block-group wp-container-content-9cfa9a5a is-vertical is-layout-flex wp-container-core-group-is-layout-2d729e81 wp-block-group-is-layout-flex\">\n\n\n<p class=\"has-text-align-left\">Instituto Odontol\u00f3gico Om\u00f3rphia<br>Rua Tapaj\u00f3s, 489 &#8211; Brasil\u00e9ia &#8211; Betim \/ MG<br>32600-428<\/p>\n\n\n\n<p class=\"\">TEL &amp; WhatsApp<br>(31)3787-0424<\/p>\n\n\n\n<p class=\"has-text-align-left has-small-font-size\">Proudly powered by <a rel=\"nofollow noopener\" href=\"https:\/\/wordpress.org\" target=\"_blank\">WordPress<\/a> <\/p>\n\n\n\n<div style=\"height:0px\" aria-hidden=\"true\" class=\"wp-block-spacer wp-container-content-541a6b20\"><\/div>\n<\/div>\n\n\n\n<div class=\"wp-block-group is-content-justification-right is-layout-flex wp-container-core-group-is-layout-35d1f3ed wp-block-group-is-layout-flex\">\n<div class=\"wp-block-group is-vertical is-layout-flex wp-container-core-group-is-layout-fe9cc265 wp-block-group-is-layout-flex\">\n<p class=\"has-text-align-left\">Pages<\/p>\n\n\n<nav class=\"has-small-font-size items-justified-left is-vertical no-wrap wp-block-navigation is-content-justification-left is-nowrap is-layout-flex wp-container-core-navigation-is-layout-09588ffd wp-block-navigation-is-layout-flex\" aria-label=\"Navega\u00e7\u00e3o\"><ul class=\"wp-block-navigation__container has-small-font-size items-justified-left is-vertical no-wrap wp-block-navigation has-small-font-size\"><ul class=\"has-small-font-size wp-block-page-list\"><li data-wp-context=\"{ &quot;submenuOpenedBy&quot;: { &quot;click&quot;: false, &quot;hover&quot;: false, &quot;focus&quot;: false }, &quot;type&quot;: &quot;submenu&quot;, &quot;modal&quot;: null, &quot;previousFocus&quot;: null }\" data-wp-interactive=\"core\/navigation\" data-wp-on--focusout=\"actions.handleMenuFocusout\" data-wp-on--keydown=\"actions.handleMenuKeydown\" data-wp-on--mouseenter=\"actions.openMenuOnHover\" data-wp-on--mouseleave=\"actions.closeMenuOnHover\" data-wp-watch=\"callbacks.initMenu\" tabindex=\"-1\" class=\"wp-block-pages-list__item has-child wp-block-navigation-item open-on-hover-click\"><a class=\"wp-block-pages-list__item__link wp-block-navigation-item__content\" href=\"https:\/\/institutoomorphia.com.br\/home\/alinhadores-invisiveis\/\">Alinhadores Invis\u00edveis<\/a><button data-wp-bind--aria-expanded=\"state.isMenuOpen\" data-wp-on--click=\"actions.toggleMenuOnClick\" aria-label=\"Alinhadores Invis\u00edveis submenu\" class=\"wp-block-navigation__submenu-icon wp-block-navigation-submenu__toggle\" ><svg xmlns=\"http:\/\/www.w3.org\/2000\/svg\" width=\"12\" height=\"12\" viewBox=\"0 0 12 12\" fill=\"none\" aria-hidden=\"true\" focusable=\"false\"><path d=\"M1.50002 4L6.00002 8L10.5 4\" stroke-width=\"1.5\"><\/path><\/svg><\/button><ul data-wp-on--focus=\"actions.openMenuOnFocus\" class=\"wp-block-navigation__submenu-container\"><li class=\"wp-block-pages-list__item wp-block-navigation-item open-on-hover-click \"><a class=\"wp-block-pages-list__item__link wp-block-navigation-item__content\" href=\"https:\/\/institutoomorphia.com.br\/home\/alinhadores-invisiveis\/sousmile\/\">SouSmile<\/a><\/li><\/ul><\/li><li data-wp-context=\"{ &quot;submenuOpenedBy&quot;: { &quot;click&quot;: false, &quot;hover&quot;: false, &quot;focus&quot;: false }, &quot;type&quot;: &quot;submenu&quot;, &quot;modal&quot;: null, &quot;previousFocus&quot;: null }\" data-wp-interactive=\"core\/navigation\" data-wp-on--focusout=\"actions.handleMenuFocusout\" data-wp-on--keydown=\"actions.handleMenuKeydown\" data-wp-on--mouseenter=\"actions.openMenuOnHover\" data-wp-on--mouseleave=\"actions.closeMenuOnHover\" data-wp-watch=\"callbacks.initMenu\" tabindex=\"-1\" class=\"wp-block-pages-list__item has-child wp-block-navigation-item open-on-hover-click\"><a class=\"wp-block-pages-list__item__link wp-block-navigation-item__content\" href=\"https:\/\/institutoomorphia.com.br\/home\/contato\/\">Contato<\/a><button data-wp-bind--aria-expanded=\"state.isMenuOpen\" data-wp-on--click=\"actions.toggleMenuOnClick\" aria-label=\"Contato submenu\" class=\"wp-block-navigation__submenu-icon wp-block-navigation-submenu__toggle\" ><svg xmlns=\"http:\/\/www.w3.org\/2000\/svg\" width=\"12\" height=\"12\" viewBox=\"0 0 12 12\" fill=\"none\" aria-hidden=\"true\" focusable=\"false\"><path d=\"M1.50002 4L6.00002 8L10.5 4\" stroke-width=\"1.5\"><\/path><\/svg><\/button><ul data-wp-on--focus=\"actions.openMenuOnFocus\" class=\"wp-block-navigation__submenu-container\"><li class=\"wp-block-pages-list__item wp-block-navigation-item open-on-hover-click \"><a class=\"wp-block-pages-list__item__link wp-block-navigation-item__content\" href=\"https:\/\/institutoomorphia.com.br\/home\/contato\/formulario-recebido\/\">Formul\u00e1rio Recebido<\/a><\/li><\/ul><\/li><li class=\"wp-block-pages-list__item wp-block-navigation-item open-on-hover-click menu-item-home\"><a class=\"wp-block-pages-list__item__link wp-block-navigation-item__content\" href=\"https:\/\/institutoomorphia.com.br\/home\/\">Home<\/a><\/li><li class=\"wp-block-pages-list__item wp-block-navigation-item open-on-hover-click\"><a class=\"wp-block-pages-list__item__link wp-block-navigation-item__content\" href=\"https:\/\/institutoomorphia.com.br\/home\/quem-somos\/\">Quem somos<\/a><\/li><li class=\"wp-block-pages-list__item wp-block-navigation-item open-on-hover-click\"><a class=\"wp-block-pages-list__item__link wp-block-navigation-item__content\" href=\"https:\/\/institutoomorphia.com.br\/home\/tecnologias\/\">TECNOLOGIAS<\/a><\/li><li class=\"wp-block-pages-list__item wp-block-navigation-item open-on-hover-click\"><a class=\"wp-block-pages-list__item__link wp-block-navigation-item__content\" href=\"https:\/\/institutoomorphia.com.br\/home\/tratamento-de-canal-com-microscopio\/\">Tratamento de Canal com Microsc\u00f3pio<\/a><\/li><li data-wp-context=\"{ &quot;submenuOpenedBy&quot;: { &quot;click&quot;: false, &quot;hover&quot;: false, &quot;focus&quot;: false }, &quot;type&quot;: &quot;submenu&quot;, &quot;modal&quot;: null, &quot;previousFocus&quot;: null }\" data-wp-interactive=\"core\/navigation\" data-wp-on--focusout=\"actions.handleMenuFocusout\" data-wp-on--keydown=\"actions.handleMenuKeydown\" data-wp-on--mouseenter=\"actions.openMenuOnHover\" data-wp-on--mouseleave=\"actions.closeMenuOnHover\" data-wp-watch=\"callbacks.initMenu\" tabindex=\"-1\" class=\"wp-block-pages-list__item has-child wp-block-navigation-item open-on-hover-click\"><a class=\"wp-block-pages-list__item__link wp-block-navigation-item__content\" href=\"https:\/\/institutoomorphia.com.br\/home\/tratamentos\/\">Tratamentos<\/a><button data-wp-bind--aria-expanded=\"state.isMenuOpen\" data-wp-on--click=\"actions.toggleMenuOnClick\" aria-label=\"Tratamentos submenu\" class=\"wp-block-navigation__submenu-icon wp-block-navigation-submenu__toggle\" ><svg xmlns=\"http:\/\/www.w3.org\/2000\/svg\" width=\"12\" height=\"12\" viewBox=\"0 0 12 12\" fill=\"none\" aria-hidden=\"true\" focusable=\"false\"><path d=\"M1.50002 4L6.00002 8L10.5 4\" stroke-width=\"1.5\"><\/path><\/svg><\/button><ul data-wp-on--focus=\"actions.openMenuOnFocus\" class=\"wp-block-navigation__submenu-container\"><li class=\"wp-block-pages-list__item wp-block-navigation-item open-on-hover-click \"><a class=\"wp-block-pages-list__item__link wp-block-navigation-item__content\" href=\"https:\/\/institutoomorphia.com.br\/home\/tratamentos\/implantes-dentais\/\">Implantes Dentais<\/a><\/li><li class=\"wp-block-pages-list__item wp-block-navigation-item open-on-hover-click \"><a class=\"wp-block-pages-list__item__link wp-block-navigation-item__content\" href=\"https:\/\/institutoomorphia.com.br\/home\/tratamentos\/extracao-de-siso\/\">Extra\u00e7\u00e3o de Siso<\/a><\/li><li class=\"wp-block-pages-list__item wp-block-navigation-item open-on-hover-click \"><a class=\"wp-block-pages-list__item__link wp-block-navigation-item__content\" href=\"https:\/\/institutoomorphia.com.br\/home\/tratamentos\/clareamento-dental\/\">Clareamento Dental<\/a><\/li><li class=\"wp-block-pages-list__item wp-block-navigation-item open-on-hover-click \"><a class=\"wp-block-pages-list__item__link wp-block-navigation-item__content\" href=\"https:\/\/institutoomorphia.com.br\/home\/tratamentos\/ortodontia-e-ortopedia-funcional\/\">Ortodontia e Ortopedia Funcional<\/a><\/li><\/ul><\/li><\/ul><\/ul><\/nav>\n\n\n<div style=\"height:0px\" aria-hidden=\"true\" class=\"wp-block-spacer wp-container-content-541a6b20\"><\/div>\n<\/div>\n\n\n\n<div class=\"wp-block-group is-vertical is-layout-flex wp-container-core-group-is-layout-fe9cc265 wp-block-group-is-layout-flex\">\n<p class=\"has-text-align-left\">Social<\/p>\n\n\n\n<div class=\"wp-block-group is-vertical is-content-justification-left is-layout-flex wp-container-core-group-is-layout-32091062 wp-block-group-is-layout-flex\">\n<p class=\"\"><a href=\"#\">Facebook<\/a><\/p>\n\n\n\n<p class=\"\"><a href=\"#\">Instagram<\/a><\/p>\n\n\n\n<p class=\"\"><a href=\"#\">Twitter<\/a><\/p>\n<\/div>\n\n\n\n<div style=\"height:0px\" aria-hidden=\"true\" class=\"wp-block-spacer wp-container-content-541a6b20\"><\/div>\n<\/div>\n<\/div>\n<\/div>\n","protected":false},"excerpt":{"rendered":"<p>SouSmile &#8211; o alinhador invis\u00edvelque revela seu sorriso A SouSmile foi criada em 2018, em S\u00e3o Paulo, com o objetivo [&hellip;]<\/p>\n","protected":false},"author":1,"featured_media":0,"parent":41,"menu_order":0,"comment_status":"closed","ping_status":"closed","template":"","meta":{"nf_dc_page":"","site-sidebar-layout":"default","site-content-layout":"","ast-site-content-layout":"default","site-content-style":"default","site-sidebar-style":"default","ast-global-header-display":"","ast-banner-title-visibility":"","ast-main-header-display":"","ast-hfb-above-header-display":"","ast-hfb-below-header-display":"","ast-hfb-mobile-header-display":"","site-post-title":"disabled","ast-breadcrumbs-content":"","ast-featured-img":"","footer-sml-layout":"","ast-disable-related-posts":"","theme-transparent-header-meta":"","adv-header-id-meta":"","stick-header-meta":"","header-above-stick-meta":"","header-main-stick-meta":"","header-below-stick-meta":"","astra-migrate-meta-layouts":"default","ast-page-background-enabled":"default","ast-page-background-meta":{"desktop":{"background-color":"var(--ast-global-color-4)","background-image":"","background-repeat":"repeat","background-position":"center center","background-size":"auto","background-attachment":"scroll","background-type":"","background-media":"","overlay-type":"","overlay-color":"","overlay-opacity":"","overlay-gradient":""},"tablet":{"background-color":"","background-image":"","background-repeat":"repeat","background-position":"center center","background-size":"auto","background-attachment":"scroll","background-type":"","background-media":"","overlay-type":"","overlay-color":"","overlay-opacity":"","overlay-gradient":""},"mobile":{"background-color":"","background-image":"","background-repeat":"repeat","background-position":"center center","background-size":"auto","background-attachment":"scroll","background-type":"","background-media":"","overlay-type":"","overlay-color":"","overlay-opacity":"","overlay-gradient":""}},"ast-content-background-meta":{"desktop":{"background-color":"var(--ast-global-color-5)","background-image":"","background-repeat":"repeat","background-position":"center center","background-size":"auto","background-attachment":"scroll","background-type":"","background-media":"","overlay-type":"","overlay-color":"","overlay-opacity":"","overlay-gradient":""},"tablet":{"background-color":"var(--ast-global-color-5)","background-image":"","background-repeat":"repeat","background-position":"center center","background-size":"auto","background-attachment":"scroll","background-type":"","background-media":"","overlay-type":"","overlay-color":"","overlay-opacity":"","overlay-gradient":""},"mobile":{"background-color":"var(--ast-global-color-5)","background-image":"","background-repeat":"repeat","background-position":"center center","background-size":"auto","background-attachment":"scroll","background-type":"","background-media":"","overlay-type":"","overlay-color":"","overlay-opacity":"","overlay-gradient":""}},"footnotes":""},"class_list":["post-89","page","type-page","status-publish","hentry"],"_links":{"self":[{"href":"https:\/\/institutoomorphia.com.br\/home\/wp-json\/wp\/v2\/pages\/89","targetHints":{"allow":["GET"]}}],"collection":[{"href":"https:\/\/institutoomorphia.com.br\/home\/wp-json\/wp\/v2\/pages"}],"about":[{"href":"https:\/\/institutoomorphia.com.br\/home\/wp-json\/wp\/v2\/types\/page"}],"author":[{"embeddable":true,"href":"https:\/\/institutoomorphia.com.br\/home\/wp-json\/wp\/v2\/users\/1"}],"replies":[{"embeddable":true,"href":"https:\/\/institutoomorphia.com.br\/home\/wp-json\/wp\/v2\/comments?post=89"}],"version-history":[{"count":4,"href":"https:\/\/institutoomorphia.com.br\/home\/wp-json\/wp\/v2\/pages\/89\/revisions"}],"predecessor-version":[{"id":100,"href":"https:\/\/institutoomorphia.com.br\/home\/wp-json\/wp\/v2\/pages\/89\/revisions\/100"}],"up":[{"embeddable":true,"href":"https:\/\/institutoomorphia.com.br\/home\/wp-json\/wp\/v2\/pages\/41"}],"wp:attachment":[{"href":"https:\/\/institutoomorphia.com.br\/home\/wp-json\/wp\/v2\/media?parent=89"}],"curies":[{"name":"wp","href":"https:\/\/api.w.org\/{rel}","templated":true}]}}